{"id":10079,"date":"2020-04-02T14:25:16","date_gmt":"2020-04-02T12:25:16","guid":{"rendered":"https:\/\/www.brazilecotour.com\/?page_id=10079"},"modified":"2021-03-04T16:10:10","modified_gmt":"2021-03-04T15:10:10","slug":"ueber-uns","status":"publish","type":"page","link":"https:\/\/www.brazilecotour.com\/de\/ueber-uns\/","title":{"rendered":"\u00dcber uns"},"content":{"rendered":"\t\t<div data-elementor-type=\"wp-page\" data-elementor-id=\"10079\" class=\"elementor elementor-10079\">\n\t\t\t\t\t\t<section class=\"elementor-section elementor-top-section elementor-element elementor-element-69ffde18 elementor-section-height-min-height elementor-section-boxed elementor-section-height-default elementor-section-items-middle elementor-invisible\" data-id=\"69ffde18\" data-element_type=\"section\" data-e-type=\"section\" data-settings=\"{&quot;background_background&quot;:&quot;classic&quot;,&quot;animation&quot;:&quot;fadeIn&quot;}\">\n\t\t\t\t\t\t\t<div class=\"elementor-background-overlay\"><\/div>\n\t\t\t\t\t\t\t<div class=\"elementor-container elementor-column-gap-default\">\n\t\t\t\t\t<div class=\"elementor-column elementor-col-100 elementor-top-column elementor-element elementor-element-61267144\" data-id=\"61267144\" data-element_type=\"column\" data-e-type=\"column\">\n\t\t\t<div class=\"elementor-widget-wrap elementor-element-populated\">\n\t\t\t\t\t\t<section class=\"elementor-section elementor-inner-section elementor-element elementor-element-5618cbf0 elementor-section-boxed elementor-section-height-default elementor-section-height-default\" data-id=\"5618cbf0\" data-element_type=\"section\" data-e-type=\"section\">\n\t\t\t\t\t\t<div class=\"elementor-container elementor-column-gap-default\">\n\t\t\t\t\t<div class=\"elementor-column elementor-col-100 elementor-inner-column elementor-element elementor-element-15f9a7bd\" data-id=\"15f9a7bd\" data-element_type=\"column\" data-e-type=\"column\">\n\t\t\t<div class=\"elementor-widget-wrap elementor-element-populated\">\n\t\t\t\t\t\t<div class=\"elementor-element elementor-element-1bae7745 elementor-invisible elementor-widget elementor-widget-heading\" data-id=\"1bae7745\" data-element_type=\"widget\" data-e-type=\"widget\" data-settings=\"{&quot;_animation&quot;:&quot;fadeInUp&quot;,&quot;_animation_delay&quot;:400}\" data-widget_type=\"heading.default\">\n\t\t\t\t<div class=\"elementor-widget-container\">\n\t\t\t\t\t<h1 class=\"elementor-heading-title elementor-size-default\">Reiseb\u00fcro spezialisiert auf ma\u00dfgeschneiderte Tour abseits der Touristenpfade in ganz Brasilien<\/h1>\t\t\t\t<\/div>\n\t\t\t\t<\/div>\n\t\t\t\t\t<\/div>\n\t\t<\/div>\n\t\t\t\t\t<\/div>\n\t\t<\/section>\n\t\t\t\t\t<\/div>\n\t\t<\/div>\n\t\t\t\t\t<\/div>\n\t\t<\/section>\n\t\t\t\t<section class=\"elementor-section elementor-top-section elementor-element elementor-element-3f63148d elementor-section-content-middle elementor-reverse-tablet elementor-reverse-mobile elementor-section-boxed elementor-section-height-default elementor-section-height-default\" data-id=\"3f63148d\" data-element_type=\"section\" data-e-type=\"section\" data-settings=\"{&quot;background_background&quot;:&quot;classic&quot;}\">\n\t\t\t\t\t\t<div class=\"elementor-container elementor-column-gap-extended\">\n\t\t\t\t\t<div class=\"elementor-column elementor-col-33 elementor-top-column elementor-element elementor-element-3112f5b5\" data-id=\"3112f5b5\" data-element_type=\"column\" data-e-type=\"column\">\n\t\t\t<div class=\"elementor-widget-wrap elementor-element-populated\">\n\t\t\t\t\t\t<div class=\"elementor-element elementor-element-14108626 elementor-invisible elementor-widget elementor-widget-image\" data-id=\"14108626\" data-element_type=\"widget\" data-e-type=\"widget\" data-settings=\"{&quot;_animation&quot;:&quot;fadeIn&quot;}\" data-widget_type=\"image.default\">\n\t\t\t\t<div class=\"elementor-widget-container\">\n\t\t\t\t\t\t\t\t\t\t\t\t\t\t\t<img decoding=\"async\" src=\"https:\/\/www.brazilecotour.com\/wp-content\/uploads\/elementor\/thumbs\/rio-de-janeiro-city-tour-p3ku0z42d8qvznl8bdkkddhnxi97066cgy58bqpmps.jpg\" title=\"rio de janeiro city tour bresil\" alt=\"rio de janeiro city tour bresil\" loading=\"lazy\" \/>\t\t\t\t\t\t\t\t\t\t\t\t\t\t\t<\/div>\n\t\t\t\t<\/div>\n\t\t\t\t<div class=\"elementor-element elementor-element-4f1738e7 elementor-widget elementor-widget-spacer\" data-id=\"4f1738e7\" data-element_type=\"widget\" data-e-type=\"widget\" data-widget_type=\"spacer.default\">\n\t\t\t\t<div class=\"elementor-widget-container\">\n\t\t\t\t\t\t\t<div class=\"elementor-spacer\">\n\t\t\t<div class=\"elementor-spacer-inner\"><\/div>\n\t\t<\/div>\n\t\t\t\t\t\t<\/div>\n\t\t\t\t<\/div>\n\t\t\t\t\t<\/div>\n\t\t<\/div>\n\t\t\t\t<div class=\"elementor-column elementor-col-33 elementor-top-column elementor-element elementor-element-2dbad1bb\" data-id=\"2dbad1bb\" data-element_type=\"column\" data-e-type=\"column\">\n\t\t\t<div class=\"elementor-widget-wrap elementor-element-populated\">\n\t\t\t\t\t\t<div class=\"elementor-element elementor-element-578443f0 elementor-invisible elementor-widget elementor-widget-image\" data-id=\"578443f0\" data-element_type=\"widget\" data-e-type=\"widget\" data-settings=\"{&quot;_animation&quot;:&quot;fadeIn&quot;}\" data-widget_type=\"image.default\">\n\t\t\t\t<div class=\"elementor-widget-container\">\n\t\t\t\t\t\t\t\t\t\t\t\t\t\t\t<img fetchpriority=\"high\" decoding=\"async\" width=\"750\" height=\"750\" src=\"https:\/\/www.brazilecotour.com\/wp-content\/uploads\/2019\/07\/Rio-de-Janeiro-Paraty-Ilha-Grande-tour.jpg\" class=\"attachment-full size-full wp-image-11013\" alt=\"Rio de Janeiro - Paraty - Ilha Grande tour\" srcset=\"https:\/\/www.brazilecotour.com\/wp-content\/uploads\/2019\/07\/Rio-de-Janeiro-Paraty-Ilha-Grande-tour.jpg 750w, https:\/\/www.brazilecotour.com\/wp-content\/uploads\/2019\/07\/Rio-de-Janeiro-Paraty-Ilha-Grande-tour-150x150.jpg 150w, https:\/\/www.brazilecotour.com\/wp-content\/uploads\/2019\/07\/Rio-de-Janeiro-Paraty-Ilha-Grande-tour-300x300.jpg 300w, https:\/\/www.brazilecotour.com\/wp-content\/uploads\/2019\/07\/Rio-de-Janeiro-Paraty-Ilha-Grande-tour-440x440.jpg 440w, https:\/\/www.brazilecotour.com\/wp-content\/uploads\/2019\/07\/Rio-de-Janeiro-Paraty-Ilha-Grande-tour-456x456.jpg 456w, https:\/\/www.brazilecotour.com\/wp-content\/uploads\/2019\/07\/Rio-de-Janeiro-Paraty-Ilha-Grande-tour-480x480.jpg 480w, https:\/\/www.brazilecotour.com\/wp-content\/uploads\/2019\/07\/Rio-de-Janeiro-Paraty-Ilha-Grande-tour-109x109.jpg 109w, https:\/\/www.brazilecotour.com\/wp-content\/uploads\/2019\/07\/Rio-de-Janeiro-Paraty-Ilha-Grande-tour-100x100.jpg 100w\" sizes=\"(max-width: 750px) 100vw, 750px\" \/>\t\t\t\t\t\t\t\t\t\t\t\t\t\t\t<\/div>\n\t\t\t\t<\/div>\n\t\t\t\t\t<\/div>\n\t\t<\/div>\n\t\t\t\t<div class=\"elementor-column elementor-col-33 elementor-top-column elementor-element elementor-element-611ed59e\" data-id=\"611ed59e\" data-element_type=\"column\" data-e-type=\"column\">\n\t\t\t<div class=\"elementor-widget-wrap elementor-element-populated\">\n\t\t\t\t\t\t<div class=\"elementor-element elementor-element-7587cc8c elementor-invisible elementor-widget elementor-widget-text-editor\" data-id=\"7587cc8c\" data-element_type=\"widget\" data-e-type=\"widget\" data-settings=\"{&quot;_animation&quot;:&quot;fadeInDown&quot;}\" data-widget_type=\"text-editor.default\">\n\t\t\t\t<div class=\"elementor-widget-container\">\n\t\t\t\t\t\t\t\t\t<p>brazil ecotour\u00a0<\/p>\t\t\t\t\t\t\t\t<\/div>\n\t\t\t\t<\/div>\n\t\t\t\t<div class=\"elementor-element elementor-element-64f5ff48 elementor-invisible elementor-widget elementor-widget-heading\" data-id=\"64f5ff48\" data-element_type=\"widget\" data-e-type=\"widget\" data-settings=\"{&quot;_animation&quot;:&quot;fadeInUp&quot;}\" data-widget_type=\"heading.default\">\n\t\t\t\t<div class=\"elementor-widget-container\">\n\t\t\t\t\t<h2 class=\"elementor-heading-title elementor-size-default\">Reiseb\u00fcro in Brasilien<\/h2>\t\t\t\t<\/div>\n\t\t\t\t<\/div>\n\t\t\t\t<div class=\"elementor-element elementor-element-530a59f3 elementor-widget elementor-widget-text-editor\" data-id=\"530a59f3\" data-element_type=\"widget\" data-e-type=\"widget\" data-widget_type=\"text-editor.default\">\n\t\t\t\t<div class=\"elementor-widget-container\">\n\t\t\t\t\t\t\t\t\t<div>Kontaktieren Sie uns f\u00fcr Ihre ma\u00dfgeschneiderte Reise nach Brasilien abseits der ausgetretenen Pfade (Lencois Maranhenses, Jericoacoara, Fortaleza ..)<\/div><div>\u00a0<\/div><div>\u00dcberlassen Sie die Organisation Ihrer Reise nach Brasilien auch Spezialisten. Wenn Sie mit einem unserer Berater in Kontakt kommen, haben Sie bereits einen Fu\u00df im Land der Samba.<\/div><div>\u00a0<\/div><div>Ob Sie gerne spazieren gehen oder wandern oder eine Kultur und ihre Traditionen entdecken m\u00f6chten,<\/div><div>Brazil Ecotour und sein Team f\u00fchren Sie auf den sch\u00f6nsten Trails Brasiliens.<\/div><div>\u00a0<\/div><div>Da Sie einzigartig sind und Ihre Projekte auch einzigartig sind, bieten wir Ihnen in Brazil Ecotour originelle und anpassbare Reisen an, die Ihren W\u00fcnschen und Bed\u00fcrfnissen entsprechen:<\/div>\t\t\t\t\t\t\t\t<\/div>\n\t\t\t\t<\/div>\n\t\t\t\t<div class=\"elementor-element elementor-element-160f63e1 elementor-icon-list--layout-traditional elementor-list-item-link-full_width elementor-widget elementor-widget-icon-list\" data-id=\"160f63e1\" data-element_type=\"widget\" data-e-type=\"widget\" data-widget_type=\"icon-list.default\">\n\t\t\t\t<div class=\"elementor-widget-container\">\n\t\t\t\t\t\t\t<ul class=\"elementor-icon-list-items\">\n\t\t\t\t\t\t\t<li class=\"elementor-icon-list-item\">\n\t\t\t\t\t\t\t\t\t\t\t<span class=\"elementor-icon-list-icon\">\n\t\t\t\t\t\t\t<i aria-hidden=\"true\" class=\"far fa-thumbs-up\"><\/i>\t\t\t\t\t\t<\/span>\n\t\t\t\t\t\t\t\t\t\t<span class=\"elementor-icon-list-text\">Ma\u00dfgeschneiderte Reiserouten mit Reisedaten Ihrer Wahl (je nach Verf\u00fcgbarkeit).<\/span>\n\t\t\t\t\t\t\t\t\t<\/li>\n\t\t\t\t\t\t\t\t<li class=\"elementor-icon-list-item\">\n\t\t\t\t\t\t\t\t\t\t\t<span class=\"elementor-icon-list-icon\">\n\t\t\t\t\t\t\t<i aria-hidden=\"true\" class=\"far fa-thumbs-up\"><\/i>\t\t\t\t\t\t<\/span>\n\t\t\t\t\t\t\t\t\t\t<span class=\"elementor-icon-list-text\"> Aufenthaltsdauer das ganze Jahr \u00fcber anpassbar.<\/span>\n\t\t\t\t\t\t\t\t\t<\/li>\n\t\t\t\t\t\t\t\t<li class=\"elementor-icon-list-item\">\n\t\t\t\t\t\t\t\t\t\t\t<span class=\"elementor-icon-list-icon\">\n\t\t\t\t\t\t\t<i aria-hidden=\"true\" class=\"far fa-thumbs-up\"><\/i>\t\t\t\t\t\t<\/span>\n\t\t\t\t\t\t\t\t\t\t<span class=\"elementor-icon-list-text\">Auswahl der Hotel- und Fahrzeugkategorien.<\/span>\n\t\t\t\t\t\t\t\t\t<\/li>\n\t\t\t\t\t\t\t\t<li class=\"elementor-icon-list-item\">\n\t\t\t\t\t\t\t\t\t\t\t<span class=\"elementor-icon-list-icon\">\n\t\t\t\t\t\t\t<i aria-hidden=\"true\" class=\"far fa-thumbs-up\"><\/i>\t\t\t\t\t\t<\/span>\n\t\t\t\t\t\t\t\t\t\t<span class=\"elementor-icon-list-text\">A-la-carte-Touren und Ausfl\u00fcge.<\/span>\n\t\t\t\t\t\t\t\t\t<\/li>\n\t\t\t\t\t\t\t\t<li class=\"elementor-icon-list-item\">\n\t\t\t\t\t\t\t\t\t\t\t<span class=\"elementor-icon-list-icon\">\n\t\t\t\t\t\t\t<i aria-hidden=\"true\" class=\"far fa-thumbs-up\"><\/i>\t\t\t\t\t\t<\/span>\n\t\t\t\t\t\t\t\t\t\t<span class=\"elementor-icon-list-text\"> Ein engagiertes Team steht Ihnen w\u00e4hrend der Reise rund um die Uhr zur Verf\u00fcgung.<\/span>\n\t\t\t\t\t\t\t\t\t<\/li>\n\t\t\t\t\t\t\t\t<li class=\"elementor-icon-list-item\">\n\t\t\t\t\t\t\t\t\t\t\t<span class=\"elementor-icon-list-icon\">\n\t\t\t\t\t\t\t<i aria-hidden=\"true\" class=\"far fa-thumbs-up\"><\/i>\t\t\t\t\t\t<\/span>\n\t\t\t\t\t\t\t\t\t\t<span class=\"elementor-icon-list-text\"> Unser einziges Ziel: Sie beim Erfolg Ihrer Reise zu unterst\u00fctzen.<\/span>\n\t\t\t\t\t\t\t\t\t<\/li>\n\t\t\t\t\t\t<\/ul>\n\t\t\t\t\t\t<\/div>\n\t\t\t\t<\/div>\n\t\t\t\t\t<\/div>\n\t\t<\/div>\n\t\t\t\t\t<\/div>\n\t\t<\/section>\n\t\t\t\t<section class=\"elementor-section elementor-top-section elementor-element elementor-element-23fd63f7 elementor-section-content-middle elementor-section-boxed elementor-section-height-default elementor-section-height-default\" data-id=\"23fd63f7\" data-element_type=\"section\" data-e-type=\"section\" data-settings=\"{&quot;background_background&quot;:&quot;classic&quot;}\">\n\t\t\t\t\t\t\t<div class=\"elementor-background-overlay\"><\/div>\n\t\t\t\t\t\t\t<div class=\"elementor-container elementor-column-gap-extended\">\n\t\t\t\t\t<div class=\"elementor-column elementor-col-50 elementor-top-column elementor-element elementor-element-7b78a39f\" data-id=\"7b78a39f\" data-element_type=\"column\" data-e-type=\"column\">\n\t\t\t<div class=\"elementor-widget-wrap elementor-element-populated\">\n\t\t\t\t\t\t<div class=\"elementor-element elementor-element-f55a997 elementor-invisible elementor-widget elementor-widget-text-editor\" data-id=\"f55a997\" data-element_type=\"widget\" data-e-type=\"widget\" data-settings=\"{&quot;_animation&quot;:&quot;fadeInDown&quot;}\" data-widget_type=\"text-editor.default\">\n\t\t\t\t<div class=\"elementor-widget-container\">\n\t\t\t\t\t\t\t\t\t<p>brazil ecotour\u00a0<\/p>\t\t\t\t\t\t\t\t<\/div>\n\t\t\t\t<\/div>\n\t\t\t\t<div class=\"elementor-element elementor-element-5d06917e elementor-invisible elementor-widget elementor-widget-heading\" data-id=\"5d06917e\" data-element_type=\"widget\" data-e-type=\"widget\" data-settings=\"{&quot;_animation&quot;:&quot;fadeInUp&quot;}\" data-widget_type=\"heading.default\">\n\t\t\t\t<div class=\"elementor-widget-container\">\n\t\t\t\t\t<h2 class=\"elementor-heading-title elementor-size-default\">ma\u00dfgeschneiderte Tour in Brasilien<\/h2>\t\t\t\t<\/div>\n\t\t\t\t<\/div>\n\t\t\t\t\t<\/div>\n\t\t<\/div>\n\t\t\t\t<div class=\"elementor-column elementor-col-50 elementor-top-column elementor-element elementor-element-4291c6e1\" data-id=\"4291c6e1\" data-element_type=\"column\" data-e-type=\"column\">\n\t\t\t<div class=\"elementor-widget-wrap elementor-element-populated\">\n\t\t\t\t\t\t<div class=\"elementor-element elementor-element-2564bec4 elementor-align-right elementor-mobile-align-center elementor-tablet-align-center elementor-widget elementor-widget-button\" data-id=\"2564bec4\" data-element_type=\"widget\" data-e-type=\"widget\" data-widget_type=\"button.default\">\n\t\t\t\t<div class=\"elementor-widget-container\">\n\t\t\t\t\t\t\t\t\t<div class=\"elementor-button-wrapper\">\n\t\t\t\t\t<a class=\"elementor-button elementor-button-link elementor-size-sm\" href=\"#\">\n\t\t\t\t\t\t<span class=\"elementor-button-content-wrapper\">\n\t\t\t\t\t\t\t\t\t<span class=\"elementor-button-text\">Fordern Sie Ihr kostenloses Angebot an<\/span>\n\t\t\t\t\t<\/span>\n\t\t\t\t\t<\/a>\n\t\t\t\t<\/div>\n\t\t\t\t\t\t\t\t<\/div>\n\t\t\t\t<\/div>\n\t\t\t\t\t<\/div>\n\t\t<\/div>\n\t\t\t\t\t<\/div>\n\t\t<\/section>\n\t\t\t\t<\/div>\n\t\t","protected":false},"excerpt":{"rendered":"<p>Reiseb\u00fcro spezialisiert auf ma\u00dfgeschneiderte Tour abseits der Touristenpfade in ganz Brasilien brazil ecotour Reiseb\u00fcro in Brasilien Kontaktieren Sie uns f\u00fcr Ihre ma\u00dfgeschneiderte Reise nach Brasilien abseits der ausgetretenen Pfade (Lencois Maranhenses, Jericoacoara, Fortaleza ..)\u00a0\u00dcberlassen Sie die Organisation Ihrer Reise nach Brasilien auch Spezialisten. Wenn Sie mit einem unserer Berater in Kontakt kommen, haben Sie bereits [&hellip;]<\/p>\n","protected":false},"author":2,"featured_media":0,"parent":0,"menu_order":0,"comment_status":"closed","ping_status":"closed","template":"elementor_canvas","meta":{"_coblocks_attr":"","_coblocks_dimensions":"","_coblocks_responsive_height":"","_coblocks_accordion_ie_support":"","hide_page_title":"","footnotes":""},"class_list":["post-10079","page","type-page","status-publish","hentry"],"yoast_head":"<!-- This site is optimized with the Yoast SEO Premium plugin v25.9 (Yoast SEO v27.4) - https:\/\/yoast.com\/product\/yoast-seo-premium-wordpress\/ -->\n<title>\u00dcber uns<\/title>\n<meta name=\"description\" content=\"Reiseb\u00fcro spezialisiert auf ma\u00dfgeschneiderte Tour abseits der Touristenpfade in ganz Brasilien brazil ecotour Reiseb\u00fcro in Brasilien Kontaktieren Sie uns\" \/>\n<meta name=\"robots\" content=\"index, follow, max-snippet:-1, max-image-preview:large, max-video-preview:-1\" \/>\n<link rel=\"canonical\" href=\"https:\/\/www.brazilecotour.com\/de\/ueber-uns\/\" \/>\n<meta property=\"og:locale\" content=\"de_DE\" \/>\n<meta property=\"og:type\" content=\"article\" \/>\n<meta property=\"og:title\" content=\"\u00dcber uns\" \/>\n<meta property=\"og:description\" content=\"Reiseb\u00fcro spezialisiert auf ma\u00dfgeschneiderte Tour abseits der Touristenpfade in ganz Brasilien brazil ecotour Reiseb\u00fcro in Brasilien Kontaktieren Sie uns\" \/>\n<meta property=\"og:url\" content=\"https:\/\/www.brazilecotour.com\/de\/ueber-uns\/\" \/>\n<meta property=\"og:site_name\" content=\"Brazil Ecotour | DMC &amp; Travel agency in Brazil\" \/>\n<meta property=\"article:publisher\" content=\"https:\/\/www.facebook.com\/brazilecotour\/\" \/>\n<meta property=\"article:modified_time\" content=\"2021-03-04T15:10:10+00:00\" \/>\n<meta property=\"og:image\" content=\"https:\/\/www.brazilecotour.com\/wp-content\/uploads\/elementor\/thumbs\/rio-de-janeiro-city-tour-p3ku0z42d8qvznl8bdkkddhnxi97066cgy58bqpmps.jpg\" \/>\n<meta name=\"twitter:card\" content=\"summary_large_image\" \/>\n<meta name=\"twitter:site\" content=\"@brazilecotour01\" \/>\n<meta name=\"twitter:label1\" content=\"Gesch\u00e4tzte Lesezeit\" \/>\n\t<meta name=\"twitter:data1\" content=\"1\u00a0Minute\" \/>\n<script type=\"application\/ld+json\" class=\"yoast-schema-graph\">{\"@context\":\"https:\\\/\\\/schema.org\",\"@graph\":[{\"@type\":\"WebPage\",\"@id\":\"https:\\\/\\\/www.brazilecotour.com\\\/de\\\/ueber-uns\\\/\",\"url\":\"https:\\\/\\\/www.brazilecotour.com\\\/de\\\/ueber-uns\\\/\",\"name\":\"\u00dcber uns\",\"isPartOf\":{\"@id\":\"https:\\\/\\\/www.brazilecotour.com\\\/de\\\/#website\"},\"primaryImageOfPage\":{\"@id\":\"https:\\\/\\\/www.brazilecotour.com\\\/de\\\/ueber-uns\\\/#primaryimage\"},\"image\":{\"@id\":\"https:\\\/\\\/www.brazilecotour.com\\\/de\\\/ueber-uns\\\/#primaryimage\"},\"thumbnailUrl\":\"https:\\\/\\\/www.brazilecotour.com\\\/wp-content\\\/uploads\\\/elementor\\\/thumbs\\\/rio-de-janeiro-city-tour-p3ku0z42d8qvznl8bdkkddhnxi97066cgy58bqpmps.jpg\",\"datePublished\":\"2020-04-02T12:25:16+00:00\",\"dateModified\":\"2021-03-04T15:10:10+00:00\",\"description\":\"Reiseb\u00fcro spezialisiert auf ma\u00dfgeschneiderte Tour abseits der Touristenpfade in ganz Brasilien brazil ecotour Reiseb\u00fcro in Brasilien Kontaktieren Sie uns\",\"breadcrumb\":{\"@id\":\"https:\\\/\\\/www.brazilecotour.com\\\/de\\\/ueber-uns\\\/#breadcrumb\"},\"inLanguage\":\"de\",\"potentialAction\":[{\"@type\":\"ReadAction\",\"target\":[\"https:\\\/\\\/www.brazilecotour.com\\\/de\\\/ueber-uns\\\/\"]}]},{\"@type\":\"ImageObject\",\"inLanguage\":\"de\",\"@id\":\"https:\\\/\\\/www.brazilecotour.com\\\/de\\\/ueber-uns\\\/#primaryimage\",\"url\":\"https:\\\/\\\/www.brazilecotour.com\\\/wp-content\\\/uploads\\\/elementor\\\/thumbs\\\/rio-de-janeiro-city-tour-p3ku0z42d8qvznl8bdkkddhnxi97066cgy58bqpmps.jpg\",\"contentUrl\":\"https:\\\/\\\/www.brazilecotour.com\\\/wp-content\\\/uploads\\\/elementor\\\/thumbs\\\/rio-de-janeiro-city-tour-p3ku0z42d8qvznl8bdkkddhnxi97066cgy58bqpmps.jpg\"},{\"@type\":\"BreadcrumbList\",\"@id\":\"https:\\\/\\\/www.brazilecotour.com\\\/de\\\/ueber-uns\\\/#breadcrumb\",\"itemListElement\":[{\"@type\":\"ListItem\",\"position\":1,\"name\":\"Accueil\",\"item\":\"https:\\\/\\\/www.brazilecotour.com\\\/de\\\/\"},{\"@type\":\"ListItem\",\"position\":2,\"name\":\"\u00dcber uns\"}]},{\"@type\":\"WebSite\",\"@id\":\"https:\\\/\\\/www.brazilecotour.com\\\/de\\\/#website\",\"url\":\"https:\\\/\\\/www.brazilecotour.com\\\/de\\\/\",\"name\":\"Brazil Ecotour | DMC and Travel Agency in Brazil\",\"description\":\"Beyond Travel, Real Experiences\",\"publisher\":{\"@id\":\"https:\\\/\\\/www.brazilecotour.com\\\/de\\\/#organization\"},\"potentialAction\":[{\"@type\":\"SearchAction\",\"target\":{\"@type\":\"EntryPoint\",\"urlTemplate\":\"https:\\\/\\\/www.brazilecotour.com\\\/de\\\/?s={search_term_string}\"},\"query-input\":{\"@type\":\"PropertyValueSpecification\",\"valueRequired\":true,\"valueName\":\"search_term_string\"}}],\"inLanguage\":\"de\"},{\"@type\":\"Organization\",\"@id\":\"https:\\\/\\\/www.brazilecotour.com\\\/de\\\/#organization\",\"name\":\"Brazil Ecotour | DMC & Travel agency in Brazil\",\"url\":\"https:\\\/\\\/www.brazilecotour.com\\\/de\\\/\",\"logo\":{\"@type\":\"ImageObject\",\"inLanguage\":\"de\",\"@id\":\"https:\\\/\\\/www.brazilecotour.com\\\/de\\\/#\\\/schema\\\/logo\\\/image\\\/\",\"url\":\"https:\\\/\\\/www.brazilecotour.com\\\/wp-content\\\/uploads\\\/2017\\\/06\\\/brazilecotour_logo.png\",\"contentUrl\":\"https:\\\/\\\/www.brazilecotour.com\\\/wp-content\\\/uploads\\\/2017\\\/06\\\/brazilecotour_logo.png\",\"width\":350,\"height\":100,\"caption\":\"Brazil Ecotour | DMC & Travel agency in Brazil\"},\"image\":{\"@id\":\"https:\\\/\\\/www.brazilecotour.com\\\/de\\\/#\\\/schema\\\/logo\\\/image\\\/\"},\"sameAs\":[\"https:\\\/\\\/www.facebook.com\\\/brazilecotour\\\/\",\"https:\\\/\\\/x.com\\\/brazilecotour01\",\"https:\\\/\\\/www.instagram.com\\\/brazilecotour\\\/\",\"https:\\\/\\\/www.linkedin.com\\\/company\\\/brazilecotour\",\"https:\\\/\\\/www.pinterest.com\\\/brazilecotour\\\/\",\"https:\\\/\\\/www.youtube.com\\\/channel\\\/UCbaIa7Xo7DuwNz0z3H1zDnA\"]}]}<\/script>\n<!-- \/ Yoast SEO Premium plugin. -->","yoast_head_json":{"title":"\u00dcber uns","description":"Reiseb\u00fcro spezialisiert auf ma\u00dfgeschneiderte Tour abseits der Touristenpfade in ganz Brasilien brazil ecotour Reiseb\u00fcro in Brasilien Kontaktieren Sie uns","robots":{"index":"index","follow":"follow","max-snippet":"max-snippet:-1","max-image-preview":"max-image-preview:large","max-video-preview":"max-video-preview:-1"},"canonical":"https:\/\/www.brazilecotour.com\/de\/ueber-uns\/","og_locale":"de_DE","og_type":"article","og_title":"\u00dcber uns","og_description":"Reiseb\u00fcro spezialisiert auf ma\u00dfgeschneiderte Tour abseits der Touristenpfade in ganz Brasilien brazil ecotour Reiseb\u00fcro in Brasilien Kontaktieren Sie uns","og_url":"https:\/\/www.brazilecotour.com\/de\/ueber-uns\/","og_site_name":"Brazil Ecotour | DMC &amp; Travel agency in Brazil","article_publisher":"https:\/\/www.facebook.com\/brazilecotour\/","article_modified_time":"2021-03-04T15:10:10+00:00","og_image":[{"url":"https:\/\/www.brazilecotour.com\/wp-content\/uploads\/elementor\/thumbs\/rio-de-janeiro-city-tour-p3ku0z42d8qvznl8bdkkddhnxi97066cgy58bqpmps.jpg","type":"","width":"","height":""}],"twitter_card":"summary_large_image","twitter_site":"@brazilecotour01","twitter_misc":{"Gesch\u00e4tzte Lesezeit":"1\u00a0Minute"},"schema":{"@context":"https:\/\/schema.org","@graph":[{"@type":"WebPage","@id":"https:\/\/www.brazilecotour.com\/de\/ueber-uns\/","url":"https:\/\/www.brazilecotour.com\/de\/ueber-uns\/","name":"\u00dcber uns","isPartOf":{"@id":"https:\/\/www.brazilecotour.com\/de\/#website"},"primaryImageOfPage":{"@id":"https:\/\/www.brazilecotour.com\/de\/ueber-uns\/#primaryimage"},"image":{"@id":"https:\/\/www.brazilecotour.com\/de\/ueber-uns\/#primaryimage"},"thumbnailUrl":"https:\/\/www.brazilecotour.com\/wp-content\/uploads\/elementor\/thumbs\/rio-de-janeiro-city-tour-p3ku0z42d8qvznl8bdkkddhnxi97066cgy58bqpmps.jpg","datePublished":"2020-04-02T12:25:16+00:00","dateModified":"2021-03-04T15:10:10+00:00","description":"Reiseb\u00fcro spezialisiert auf ma\u00dfgeschneiderte Tour abseits der Touristenpfade in ganz Brasilien brazil ecotour Reiseb\u00fcro in Brasilien Kontaktieren Sie uns","breadcrumb":{"@id":"https:\/\/www.brazilecotour.com\/de\/ueber-uns\/#breadcrumb"},"inLanguage":"de","potentialAction":[{"@type":"ReadAction","target":["https:\/\/www.brazilecotour.com\/de\/ueber-uns\/"]}]},{"@type":"ImageObject","inLanguage":"de","@id":"https:\/\/www.brazilecotour.com\/de\/ueber-uns\/#primaryimage","url":"https:\/\/www.brazilecotour.com\/wp-content\/uploads\/elementor\/thumbs\/rio-de-janeiro-city-tour-p3ku0z42d8qvznl8bdkkddhnxi97066cgy58bqpmps.jpg","contentUrl":"https:\/\/www.brazilecotour.com\/wp-content\/uploads\/elementor\/thumbs\/rio-de-janeiro-city-tour-p3ku0z42d8qvznl8bdkkddhnxi97066cgy58bqpmps.jpg"},{"@type":"BreadcrumbList","@id":"https:\/\/www.brazilecotour.com\/de\/ueber-uns\/#breadcrumb","itemListElement":[{"@type":"ListItem","position":1,"name":"Accueil","item":"https:\/\/www.brazilecotour.com\/de\/"},{"@type":"ListItem","position":2,"name":"\u00dcber uns"}]},{"@type":"WebSite","@id":"https:\/\/www.brazilecotour.com\/de\/#website","url":"https:\/\/www.brazilecotour.com\/de\/","name":"Brazil Ecotour | DMC and Travel Agency in Brazil","description":"Beyond Travel, Real Experiences","publisher":{"@id":"https:\/\/www.brazilecotour.com\/de\/#organization"},"potentialAction":[{"@type":"SearchAction","target":{"@type":"EntryPoint","urlTemplate":"https:\/\/www.brazilecotour.com\/de\/?s={search_term_string}"},"query-input":{"@type":"PropertyValueSpecification","valueRequired":true,"valueName":"search_term_string"}}],"inLanguage":"de"},{"@type":"Organization","@id":"https:\/\/www.brazilecotour.com\/de\/#organization","name":"Brazil Ecotour | DMC & Travel agency in Brazil","url":"https:\/\/www.brazilecotour.com\/de\/","logo":{"@type":"ImageObject","inLanguage":"de","@id":"https:\/\/www.brazilecotour.com\/de\/#\/schema\/logo\/image\/","url":"https:\/\/www.brazilecotour.com\/wp-content\/uploads\/2017\/06\/brazilecotour_logo.png","contentUrl":"https:\/\/www.brazilecotour.com\/wp-content\/uploads\/2017\/06\/brazilecotour_logo.png","width":350,"height":100,"caption":"Brazil Ecotour | DMC & Travel agency in Brazil"},"image":{"@id":"https:\/\/www.brazilecotour.com\/de\/#\/schema\/logo\/image\/"},"sameAs":["https:\/\/www.facebook.com\/brazilecotour\/","https:\/\/x.com\/brazilecotour01","https:\/\/www.instagram.com\/brazilecotour\/","https:\/\/www.linkedin.com\/company\/brazilecotour","https:\/\/www.pinterest.com\/brazilecotour\/","https:\/\/www.youtube.com\/channel\/UCbaIa7Xo7DuwNz0z3H1zDnA"]}]}},"_links":{"self":[{"href":"https:\/\/www.brazilecotour.com\/de\/wp-json\/wp\/v2\/pages\/10079","targetHints":{"allow":["GET"]}}],"collection":[{"href":"https:\/\/www.brazilecotour.com\/de\/wp-json\/wp\/v2\/pages"}],"about":[{"href":"https:\/\/www.brazilecotour.com\/de\/wp-json\/wp\/v2\/types\/page"}],"author":[{"embeddable":true,"href":"https:\/\/www.brazilecotour.com\/de\/wp-json\/wp\/v2\/users\/2"}],"replies":[{"embeddable":true,"href":"https:\/\/www.brazilecotour.com\/de\/wp-json\/wp\/v2\/comments?post=10079"}],"version-history":[{"count":0,"href":"https:\/\/www.brazilecotour.com\/de\/wp-json\/wp\/v2\/pages\/10079\/revisions"}],"wp:attachment":[{"href":"https:\/\/www.brazilecotour.com\/de\/wp-json\/wp\/v2\/media?parent=10079"}],"curies":[{"name":"wp","href":"https:\/\/api.w.org\/{rel}","templated":true}]}}