{"id":4364,"date":"2017-06-08T11:43:21","date_gmt":"2017-06-08T09:43:21","guid":{"rendered":"http:\/\/localhost\/brazilecotour?page_id=4364"},"modified":"2024-03-23T19:15:09","modified_gmt":"2024-03-23T18:15:09","slug":"pourquoi-nous","status":"publish","type":"page","link":"https:\/\/www.brazilecotour.com\/fr\/pourquoi-nous\/","title":{"rendered":"Pourquoi nous ?"},"content":{"rendered":"\t\t<div data-elementor-type=\"wp-page\" data-elementor-id=\"4364\" class=\"elementor elementor-4364\">\n\t\t\t\t\t\t<section class=\"elementor-section elementor-top-section elementor-element elementor-element-4d6bc159 elementor-section-boxed elementor-section-height-default elementor-section-height-default\" data-id=\"4d6bc159\" data-element_type=\"section\" data-e-type=\"section\">\n\t\t\t\t\t\t<div class=\"elementor-container elementor-column-gap-default\">\n\t\t\t\t\t<div class=\"elementor-column elementor-col-100 elementor-top-column elementor-element elementor-element-7df3daf1\" data-id=\"7df3daf1\" data-element_type=\"column\" data-e-type=\"column\">\n\t\t\t<div class=\"elementor-widget-wrap elementor-element-populated\">\n\t\t\t\t\t\t<div class=\"elementor-element elementor-element-7985cb6e elementor-widget elementor-widget-text-editor\" data-id=\"7985cb6e\" data-element_type=\"widget\" data-e-type=\"widget\" data-widget_type=\"text-editor.default\">\n\t\t\t\t<div class=\"elementor-widget-container\">\n\t\t\t\t\t\t\t\t\t<h2><\/h2>\r\n<h2><\/h2>\r\n<h2 style=\"text-align: center;\">Les 08 bonnes raisons pour partir avec nous<\/h2>\r\n<h3><strong>1. Agence locale experte<\/strong><\/h3>\r\n<a href=\"https:\/\/www.brazilecotour.com\/fr\/\">BRAZIL ECOTOUR<\/a> compte parmi une des premi\u00e8res agences 100% francophones et locales\u00a0<strong>sp\u00e9cialis\u00e9es dans <a href=\"https:\/\/www.brazilecotour.com\/fr\/la-route-des-emotions-sao-luis-fortaleza\/\">les voyages sur mesure<\/a><\/strong>\u00a0et\u00a0<strong>hors des sentier battus <\/strong>\u00a0Nous avons progressivement construit notre r\u00e9putation gr\u00e2ce au \u00abbouche \u00e0 oreille\u00bb. Notre \u00e9quipe d\u2019experts locaux passionn\u00e9s, d\u2019hommes de terrain, ayant une connaissance parfaite de la region et du pays, vous assure un voyage unique aux meilleures prestations.\r\n<h3><strong>2. Voyage 100 % sur mesure et personnalis\u00e9<\/strong><\/h3>\r\nTous nos <a href=\"https:\/\/www.brazilecotour.com\/fr\/amazonie-bresilienne-loges-et-croisieres\/\">voyages<\/a> sont sur mesure, notre \u00e9quipe reste \u00e0 votre enti\u00e8re disposition pour cr\u00e9er pour vous votre voyage personnalis\u00e9 selon vos envies, vos go\u00fbts et votre budget avec une libert\u00e9 totale dans le choix de l\u2019itin\u00e9raire et des prestations. \u00a0Vous b\u00e9n\u00e9ficierez d\u2019un guide parfaitement francophone, d\u2019une voiture priv\u00e9e confortable, climatis\u00e9e, avec un chauffeur exp\u00e9riment\u00e9. Avec nous, c\u2019est le\u00a0<strong>\u201cvrai sur-mesure\u201d<\/strong>\u00a0avec \u00a0un maximum de souplesse pour respecter le rythme et l\u2019envie de chacun =\r\n<h3><strong>3. Meilleur rapport qualit\u00e9 prix par apport concurents.<\/strong><\/h3>\r\nEn tant que\u00a0<strong>cr\u00e9ateur ind\u00e9pendant de voyage sur mesure<\/strong>\u00a0dans le nordeste\u00a0 et dans toute le <a href=\"https:\/\/www.brazilecotour.com\/fr\/bresil-rio-de-janeiro\/\">Bresil<\/a> , nous vous assurons des s\u00e9jours de qualit\u00e9, ainsi que\u00a0<strong>des tarifs directs \u2013 sans interm\u00e9diaire<\/strong>, pour obtenir un des prix le plus \u00e9conomique du march\u00e9,.\u00a0<strong>Acheter directement chez le producteur<\/strong>, vous b\u00e9n\u00e9ficiez donc de\u00a0meilleures prestations\u00a0<strong>au meilleur prix<\/strong>.\r\n\r\n&nbsp;\r\n<h3><strong>4. Assistance 24h\/24 \u2013 Flexibilit\u00e9 &amp; r\u00e9activit\u00e9<\/strong><\/h3>\r\nNotre \u00e9quipe professionnelle et dynamique vous offre une assistance t\u00e9l\u00e9phonique 24h\/24 et 7 jours\/7 afin de vous assurer\u00a0<strong>un suivi permanent avant, pendant et apr\u00e8s votre <a href=\"http:\/\/www.brazilecotour.Com\/fr\">voyage<\/a><\/strong>. Lors de votre arriv\u00e9e, vous serez accueillis chaleureusement dans par un membre de notre equipe . Ainsi, tout au long de votre voyage, si vous le souhaitez, \u00e0 tout moment, nous adapterons votre voyage \u00e0 votre rythme et nous apporterons ensemble des changements au programme pr\u00e9vu initialement. Nous pouvons\u00a0<strong>g\u00e9rer les situations impr\u00e9vues<\/strong>. C\u2019est\u00a0<strong>une interaction et une r\u00e9solution imm\u00e9diate<\/strong>\r\n\r\n<strong>\u00a0<\/strong>\r\n<h3><strong>5. Qualit\u00e9 des services, une organisation parfaite<\/strong><\/h3>\r\nChaque employ\u00e9 de notre soci\u00e9t\u00e9 comprend et prend \u00e0 c\u0153ur ce principe \u00ab<strong>le bouche-\u00e0-oreille<\/strong>\u00bb, nos experts locaux doivent poss\u00e9der une bonne connaissance du terrain, vous assurer des services sans faille avec une parfaite logistique. Nous nous occupons de tout, de A \u00e0 Z. Avec nous, vous partirez en toute s\u00e9r\u00e9nit\u00e9 avec vos yeux ferm\u00e9s.<strong>\u00a0<\/strong>\r\n\r\n&nbsp;\r\n<h3><strong>7. Voyager avec nous, vous avez un voyage responsable<\/strong><\/h3>\r\nParall\u00e8lement aux services et satisfaction des clients, Brasil Ecotour \u2019engage pour\u00a0des voyages responsables, pour des missions humanitaires, en faveur de la vie des plus pauvres, en favorisant la scolarisation d\u2019enfants d\u00e9favoris\u00e9s. Pour chaque voyage, nous mettons de c\u00f4t\u00e9 10 dollar par client pour une caisse de solidarit\u00e9. En partant avec Brazilecotour , vous participerez donc \u00e0 cette action sociale tr\u00e8s significative.\r\n\r\n&nbsp;\r\n<h3><strong>\u00a08. <\/strong><strong>S\u00e9curit\u00e9 et s\u00e9r\u00e9nit\u00e9<\/strong><\/h3>\r\nBrazil Ecotour est une agence agr\u00e9e par la Direction G\u00e9n\u00e9rale du Tourisme du Bresil.\r\n\r\n&nbsp;\r\n\r\n<a href=\"https:\/\/www.brazilecotour.com\/fr\/contact-agence-de-voyage-bresil\/\">Contactez nous<\/a>\r\n\r\n&nbsp;\t\t\t\t\t\t\t\t<\/div>\n\t\t\t\t<\/div>\n\t\t\t\t\t<\/div>\n\t\t<\/div>\n\t\t\t\t\t<\/div>\n\t\t<\/section>\n\t\t\t\t<section class=\"elementor-section elementor-top-section elementor-element elementor-element-0a247fc elementor-section-boxed elementor-section-height-default elementor-section-height-default\" data-id=\"0a247fc\" data-element_type=\"section\" data-e-type=\"section\" data-settings=\"{&quot;background_background&quot;:&quot;classic&quot;}\">\n\t\t\t\t\t\t<div class=\"elementor-container elementor-column-gap-default\">\n\t\t\t\t\t<div class=\"elementor-column elementor-col-100 elementor-top-column elementor-element elementor-element-a0651cb\" data-id=\"a0651cb\" data-element_type=\"column\" data-e-type=\"column\">\n\t\t\t<div class=\"elementor-widget-wrap elementor-element-populated\">\n\t\t\t\t\t\t<div class=\"elementor-element elementor-element-084ea1e elementor-widget elementor-widget-heading\" data-id=\"084ea1e\" data-element_type=\"widget\" data-e-type=\"widget\" data-widget_type=\"heading.default\">\n\t\t\t\t<div class=\"elementor-widget-container\">\n\t\t\t\t\t<h2 class=\"elementor-heading-title elementor-size-default\">Demandez votre devis gratuit <\/h2>\t\t\t\t<\/div>\n\t\t\t\t<\/div>\n\t\t\t\t<div class=\"elementor-element elementor-element-0742902 elementor-widget elementor-widget-shortcode\" data-id=\"0742902\" data-element_type=\"widget\" data-e-type=\"widget\" data-widget_type=\"shortcode.default\">\n\t\t\t\t<div class=\"elementor-widget-container\">\n\t\t\t\t\t\t\t<div class=\"elementor-shortcode\">\n<div class=\"wpcf7 no-js\" id=\"wpcf7-f25230-o1\" lang=\"fr-FR\" dir=\"ltr\" data-wpcf7-id=\"25230\">\n<div class=\"screen-reader-response\"><p role=\"status\" aria-live=\"polite\" aria-atomic=\"true\"><\/p> <ul><\/ul><\/div>\n<form action=\"\/fr\/wp-json\/wp\/v2\/pages\/4364#wpcf7-f25230-o1\" method=\"post\" class=\"wpcf7-form init\" aria-label=\"Formulaire de contact\" novalidate=\"novalidate\" data-status=\"init\">\n<fieldset class=\"hidden-fields-container\"><input type=\"hidden\" name=\"_wpcf7\" value=\"25230\" \/><input type=\"hidden\" name=\"_wpcf7_version\" value=\"6.1.5\" \/><input type=\"hidden\" name=\"_wpcf7_locale\" value=\"fr_FR\" \/><input type=\"hidden\" name=\"_wpcf7_unit_tag\" value=\"wpcf7-f25230-o1\" \/><input type=\"hidden\" name=\"_wpcf7_container_post\" value=\"0\" \/><input type=\"hidden\" name=\"_wpcf7_posted_data_hash\" value=\"\" \/>\n<\/fieldset>\n<p><label><span style=\"background-color: #ffffff;\"> Your Name<\/span> <span class=\"wpcf7-form-control-wrap\" data-name=\"your-name\"><input size=\"40\" maxlength=\"400\" class=\"wpcf7-form-control wpcf7-text wpcf7-validates-as-required\" autocomplete=\"name\" aria-required=\"true\" aria-invalid=\"false\" value=\"\" type=\"text\" name=\"your-name\" \/><\/span> <\/label><label><span style=\"background-color: #ffffff;\"> Your Email<\/span> <span class=\"wpcf7-form-control-wrap\" data-name=\"your-email\"><input size=\"40\" maxlength=\"400\" class=\"wpcf7-form-control wpcf7-email wpcf7-validates-as-required wpcf7-text wpcf7-validates-as-email\" autocomplete=\"email\" aria-required=\"true\" aria-invalid=\"false\" value=\"\" type=\"email\" name=\"your-email\" \/><\/span> <\/label><label><span style=\"background-color: #ffffff;\"> Phone<\/span> <span class=\"wpcf7-form-control-wrap\" data-name=\"your-subject\"><input size=\"40\" maxlength=\"400\" class=\"wpcf7-form-control wpcf7-text wpcf7-validates-as-required\" aria-required=\"true\" aria-invalid=\"false\" value=\"\" type=\"text\" name=\"your-subject\" \/><\/span> <\/label><label><span style=\"background-color: #ffffff;\"> Your Message&nbsp;<\/span> <span class=\"wpcf7-form-control-wrap\" data-name=\"your-message\"><textarea cols=\"40\" rows=\"10\" maxlength=\"2000\" class=\"wpcf7-form-control wpcf7-textarea\" aria-invalid=\"false\" name=\"your-message\"><\/textarea><\/span> <\/label><input class=\"wpcf7-form-control wpcf7-submit has-spinner\" type=\"submit\" value=\"Envoyer\" \/>\n<\/p><div class=\"wpcf7-response-output\" aria-hidden=\"true\"><\/div>\n<\/form>\n<\/div>\n<\/div>\n\t\t\t\t\t\t<\/div>\n\t\t\t\t<\/div>\n\t\t\t\t\t<\/div>\n\t\t<\/div>\n\t\t\t\t\t<\/div>\n\t\t<\/section>\n\t\t\t\t<\/div>\n\t\t","protected":false},"excerpt":{"rendered":"<p>Les 08 bonnes raisons pour partir avec nous 1. Agence locale experte BRAZIL ECOTOUR compte parmi une des premi\u00e8res agences 100% francophones et locales\u00a0sp\u00e9cialis\u00e9es dans les voyages sur mesure\u00a0et\u00a0hors des sentier battus \u00a0Nous avons progressivement construit notre r\u00e9putation gr\u00e2ce au \u00abbouche \u00e0 oreille\u00bb. Notre \u00e9quipe d\u2019experts locaux passionn\u00e9s, d\u2019hommes de terrain, ayant une connaissance parfaite [&hellip;]<\/p>\n","protected":false},"author":2,"featured_media":4060,"parent":0,"menu_order":0,"comment_status":"closed","ping_status":"closed","template":"elementor_canvas","meta":{"_coblocks_attr":"","_coblocks_dimensions":"","_coblocks_responsive_height":"","_coblocks_accordion_ie_support":"","hide_page_title":"","footnotes":""},"class_list":["post-4364","page","type-page","status-publish","has-post-thumbnail","hentry"],"yoast_head":"<!-- This site is optimized with the Yoast SEO Premium plugin v25.9 (Yoast SEO v27.4) - https:\/\/yoast.com\/product\/yoast-seo-premium-wordpress\/ -->\n<title>Agence de voyage au Bresil : Les 08 bonnes raisons pour partir avec nous<\/title>\n<meta name=\"description\" content=\"decouvrez Les bonnes raisons pour partir en voyage sur mesure avec nous :Qualit\u00e9 des services,Assistance 24h\/24 \u2013 Flexibilit\u00e9 &amp; r\u00e9activit\u00e9.\" \/>\n<meta name=\"robots\" content=\"index, follow, max-snippet:-1, max-image-preview:large, max-video-preview:-1\" \/>\n<link rel=\"canonical\" href=\"https:\/\/www.brazilecotour.com\/fr\/pourquoi-nous\/\" \/>\n<meta property=\"og:locale\" content=\"fr_FR\" \/>\n<meta property=\"og:type\" content=\"article\" \/>\n<meta property=\"og:title\" content=\"Pourquoi nous ?\" \/>\n<meta property=\"og:description\" content=\"decouvrez Les bonnes raisons pour partir en voyage sur mesure avec nous :Qualit\u00e9 des services,Assistance 24h\/24 \u2013 Flexibilit\u00e9 &amp; r\u00e9activit\u00e9.\" \/>\n<meta property=\"og:url\" content=\"https:\/\/www.brazilecotour.com\/fr\/pourquoi-nous\/\" \/>\n<meta property=\"og:site_name\" content=\"Brazil Ecotour | DMC &amp; Travel agency in Brazil\" \/>\n<meta property=\"article:publisher\" content=\"https:\/\/www.facebook.com\/brazilecotour\/\" \/>\n<meta property=\"article:modified_time\" content=\"2024-03-23T18:15:09+00:00\" \/>\n<meta property=\"og:image\" content=\"https:\/\/www.brazilecotour.com\/wp-content\/uploads\/2017\/05\/maxresdefault-3.jpg\" \/>\n\t<meta property=\"og:image:width\" content=\"2060\" \/>\n\t<meta property=\"og:image:height\" content=\"1296\" \/>\n\t<meta property=\"og:image:type\" content=\"image\/jpeg\" \/>\n<meta name=\"twitter:card\" content=\"summary_large_image\" \/>\n<meta name=\"twitter:site\" content=\"@brazilecotour01\" \/>\n<meta name=\"twitter:label1\" content=\"Dur\u00e9e de lecture estim\u00e9e\" \/>\n\t<meta name=\"twitter:data1\" content=\"3 minutes\" \/>\n<script type=\"application\/ld+json\" class=\"yoast-schema-graph\">{\"@context\":\"https:\\\/\\\/schema.org\",\"@graph\":[{\"@type\":\"WebPage\",\"@id\":\"https:\\\/\\\/www.brazilecotour.com\\\/fr\\\/pourquoi-nous\\\/\",\"url\":\"https:\\\/\\\/www.brazilecotour.com\\\/fr\\\/pourquoi-nous\\\/\",\"name\":\"Agence de voyage au Bresil : Les 08 bonnes raisons pour partir avec nous\",\"isPartOf\":{\"@id\":\"https:\\\/\\\/www.brazilecotour.com\\\/fr\\\/#website\"},\"primaryImageOfPage\":{\"@id\":\"https:\\\/\\\/www.brazilecotour.com\\\/fr\\\/pourquoi-nous\\\/#primaryimage\"},\"image\":{\"@id\":\"https:\\\/\\\/www.brazilecotour.com\\\/fr\\\/pourquoi-nous\\\/#primaryimage\"},\"thumbnailUrl\":\"https:\\\/\\\/www.brazilecotour.com\\\/wp-content\\\/uploads\\\/2017\\\/05\\\/maxresdefault-3.jpg\",\"datePublished\":\"2017-06-08T09:43:21+00:00\",\"dateModified\":\"2024-03-23T18:15:09+00:00\",\"description\":\"decouvrez Les bonnes raisons pour partir en voyage sur mesure avec nous :Qualit\u00e9 des services,Assistance 24h\\\/24 \u2013 Flexibilit\u00e9 & r\u00e9activit\u00e9.\",\"breadcrumb\":{\"@id\":\"https:\\\/\\\/www.brazilecotour.com\\\/fr\\\/pourquoi-nous\\\/#breadcrumb\"},\"inLanguage\":\"fr-FR\",\"potentialAction\":[{\"@type\":\"ReadAction\",\"target\":[\"https:\\\/\\\/www.brazilecotour.com\\\/fr\\\/pourquoi-nous\\\/\"]}]},{\"@type\":\"ImageObject\",\"inLanguage\":\"fr-FR\",\"@id\":\"https:\\\/\\\/www.brazilecotour.com\\\/fr\\\/pourquoi-nous\\\/#primaryimage\",\"url\":\"https:\\\/\\\/www.brazilecotour.com\\\/wp-content\\\/uploads\\\/2017\\\/05\\\/maxresdefault-3.jpg\",\"contentUrl\":\"https:\\\/\\\/www.brazilecotour.com\\\/wp-content\\\/uploads\\\/2017\\\/05\\\/maxresdefault-3.jpg\",\"width\":2060,\"height\":1296,\"caption\":\"Rio-Grande-Do-Norte-voyage-s\u00e9jours-agence-de-voyage-voyages-tours-vacance-vacances-plage-dunes-soleil-sure-mesure-buggy-4x4\"},{\"@type\":\"BreadcrumbList\",\"@id\":\"https:\\\/\\\/www.brazilecotour.com\\\/fr\\\/pourquoi-nous\\\/#breadcrumb\",\"itemListElement\":[{\"@type\":\"ListItem\",\"position\":1,\"name\":\"Accueil\",\"item\":\"https:\\\/\\\/www.brazilecotour.com\\\/fr\\\/\"},{\"@type\":\"ListItem\",\"position\":2,\"name\":\"Pourquoi nous ?\"}]},{\"@type\":\"WebSite\",\"@id\":\"https:\\\/\\\/www.brazilecotour.com\\\/fr\\\/#website\",\"url\":\"https:\\\/\\\/www.brazilecotour.com\\\/fr\\\/\",\"name\":\"Brazil Ecotour | DMC and Travel Agency in Brazil\",\"description\":\"Beyond Travel, Real Experiences\",\"publisher\":{\"@id\":\"https:\\\/\\\/www.brazilecotour.com\\\/fr\\\/#organization\"},\"potentialAction\":[{\"@type\":\"SearchAction\",\"target\":{\"@type\":\"EntryPoint\",\"urlTemplate\":\"https:\\\/\\\/www.brazilecotour.com\\\/fr\\\/?s={search_term_string}\"},\"query-input\":{\"@type\":\"PropertyValueSpecification\",\"valueRequired\":true,\"valueName\":\"search_term_string\"}}],\"inLanguage\":\"fr-FR\"},{\"@type\":\"Organization\",\"@id\":\"https:\\\/\\\/www.brazilecotour.com\\\/fr\\\/#organization\",\"name\":\"Brazil Ecotour | DMC & Travel agency in Brazil\",\"url\":\"https:\\\/\\\/www.brazilecotour.com\\\/fr\\\/\",\"logo\":{\"@type\":\"ImageObject\",\"inLanguage\":\"fr-FR\",\"@id\":\"https:\\\/\\\/www.brazilecotour.com\\\/fr\\\/#\\\/schema\\\/logo\\\/image\\\/\",\"url\":\"https:\\\/\\\/www.brazilecotour.com\\\/wp-content\\\/uploads\\\/2017\\\/06\\\/brazilecotour_logo.png\",\"contentUrl\":\"https:\\\/\\\/www.brazilecotour.com\\\/wp-content\\\/uploads\\\/2017\\\/06\\\/brazilecotour_logo.png\",\"width\":350,\"height\":100,\"caption\":\"Brazil Ecotour | DMC & Travel agency in Brazil\"},\"image\":{\"@id\":\"https:\\\/\\\/www.brazilecotour.com\\\/fr\\\/#\\\/schema\\\/logo\\\/image\\\/\"},\"sameAs\":[\"https:\\\/\\\/www.facebook.com\\\/brazilecotour\\\/\",\"https:\\\/\\\/x.com\\\/brazilecotour01\",\"https:\\\/\\\/www.instagram.com\\\/brazilecotour\\\/\",\"https:\\\/\\\/www.linkedin.com\\\/company\\\/brazilecotour\",\"https:\\\/\\\/www.pinterest.com\\\/brazilecotour\\\/\",\"https:\\\/\\\/www.youtube.com\\\/channel\\\/UCbaIa7Xo7DuwNz0z3H1zDnA\"]}]}<\/script>\n<!-- \/ Yoast SEO Premium plugin. -->","yoast_head_json":{"title":"Agence de voyage au Bresil : Les 08 bonnes raisons pour partir avec nous","description":"decouvrez Les bonnes raisons pour partir en voyage sur mesure avec nous :Qualit\u00e9 des services,Assistance 24h\/24 \u2013 Flexibilit\u00e9 & r\u00e9activit\u00e9.","robots":{"index":"index","follow":"follow","max-snippet":"max-snippet:-1","max-image-preview":"max-image-preview:large","max-video-preview":"max-video-preview:-1"},"canonical":"https:\/\/www.brazilecotour.com\/fr\/pourquoi-nous\/","og_locale":"fr_FR","og_type":"article","og_title":"Pourquoi nous ?","og_description":"decouvrez Les bonnes raisons pour partir en voyage sur mesure avec nous :Qualit\u00e9 des services,Assistance 24h\/24 \u2013 Flexibilit\u00e9 & r\u00e9activit\u00e9.","og_url":"https:\/\/www.brazilecotour.com\/fr\/pourquoi-nous\/","og_site_name":"Brazil Ecotour | DMC &amp; Travel agency in Brazil","article_publisher":"https:\/\/www.facebook.com\/brazilecotour\/","article_modified_time":"2024-03-23T18:15:09+00:00","og_image":[{"width":2060,"height":1296,"url":"https:\/\/www.brazilecotour.com\/wp-content\/uploads\/2017\/05\/maxresdefault-3.jpg","type":"image\/jpeg"}],"twitter_card":"summary_large_image","twitter_site":"@brazilecotour01","twitter_misc":{"Dur\u00e9e de lecture estim\u00e9e":"3 minutes"},"schema":{"@context":"https:\/\/schema.org","@graph":[{"@type":"WebPage","@id":"https:\/\/www.brazilecotour.com\/fr\/pourquoi-nous\/","url":"https:\/\/www.brazilecotour.com\/fr\/pourquoi-nous\/","name":"Agence de voyage au Bresil : Les 08 bonnes raisons pour partir avec nous","isPartOf":{"@id":"https:\/\/www.brazilecotour.com\/fr\/#website"},"primaryImageOfPage":{"@id":"https:\/\/www.brazilecotour.com\/fr\/pourquoi-nous\/#primaryimage"},"image":{"@id":"https:\/\/www.brazilecotour.com\/fr\/pourquoi-nous\/#primaryimage"},"thumbnailUrl":"https:\/\/www.brazilecotour.com\/wp-content\/uploads\/2017\/05\/maxresdefault-3.jpg","datePublished":"2017-06-08T09:43:21+00:00","dateModified":"2024-03-23T18:15:09+00:00","description":"decouvrez Les bonnes raisons pour partir en voyage sur mesure avec nous :Qualit\u00e9 des services,Assistance 24h\/24 \u2013 Flexibilit\u00e9 & r\u00e9activit\u00e9.","breadcrumb":{"@id":"https:\/\/www.brazilecotour.com\/fr\/pourquoi-nous\/#breadcrumb"},"inLanguage":"fr-FR","potentialAction":[{"@type":"ReadAction","target":["https:\/\/www.brazilecotour.com\/fr\/pourquoi-nous\/"]}]},{"@type":"ImageObject","inLanguage":"fr-FR","@id":"https:\/\/www.brazilecotour.com\/fr\/pourquoi-nous\/#primaryimage","url":"https:\/\/www.brazilecotour.com\/wp-content\/uploads\/2017\/05\/maxresdefault-3.jpg","contentUrl":"https:\/\/www.brazilecotour.com\/wp-content\/uploads\/2017\/05\/maxresdefault-3.jpg","width":2060,"height":1296,"caption":"Rio-Grande-Do-Norte-voyage-s\u00e9jours-agence-de-voyage-voyages-tours-vacance-vacances-plage-dunes-soleil-sure-mesure-buggy-4x4"},{"@type":"BreadcrumbList","@id":"https:\/\/www.brazilecotour.com\/fr\/pourquoi-nous\/#breadcrumb","itemListElement":[{"@type":"ListItem","position":1,"name":"Accueil","item":"https:\/\/www.brazilecotour.com\/fr\/"},{"@type":"ListItem","position":2,"name":"Pourquoi nous ?"}]},{"@type":"WebSite","@id":"https:\/\/www.brazilecotour.com\/fr\/#website","url":"https:\/\/www.brazilecotour.com\/fr\/","name":"Brazil Ecotour | DMC and Travel Agency in Brazil","description":"Beyond Travel, Real Experiences","publisher":{"@id":"https:\/\/www.brazilecotour.com\/fr\/#organization"},"potentialAction":[{"@type":"SearchAction","target":{"@type":"EntryPoint","urlTemplate":"https:\/\/www.brazilecotour.com\/fr\/?s={search_term_string}"},"query-input":{"@type":"PropertyValueSpecification","valueRequired":true,"valueName":"search_term_string"}}],"inLanguage":"fr-FR"},{"@type":"Organization","@id":"https:\/\/www.brazilecotour.com\/fr\/#organization","name":"Brazil Ecotour | DMC & Travel agency in Brazil","url":"https:\/\/www.brazilecotour.com\/fr\/","logo":{"@type":"ImageObject","inLanguage":"fr-FR","@id":"https:\/\/www.brazilecotour.com\/fr\/#\/schema\/logo\/image\/","url":"https:\/\/www.brazilecotour.com\/wp-content\/uploads\/2017\/06\/brazilecotour_logo.png","contentUrl":"https:\/\/www.brazilecotour.com\/wp-content\/uploads\/2017\/06\/brazilecotour_logo.png","width":350,"height":100,"caption":"Brazil Ecotour | DMC & Travel agency in Brazil"},"image":{"@id":"https:\/\/www.brazilecotour.com\/fr\/#\/schema\/logo\/image\/"},"sameAs":["https:\/\/www.facebook.com\/brazilecotour\/","https:\/\/x.com\/brazilecotour01","https:\/\/www.instagram.com\/brazilecotour\/","https:\/\/www.linkedin.com\/company\/brazilecotour","https:\/\/www.pinterest.com\/brazilecotour\/","https:\/\/www.youtube.com\/channel\/UCbaIa7Xo7DuwNz0z3H1zDnA"]}]}},"_links":{"self":[{"href":"https:\/\/www.brazilecotour.com\/fr\/wp-json\/wp\/v2\/pages\/4364","targetHints":{"allow":["GET"]}}],"collection":[{"href":"https:\/\/www.brazilecotour.com\/fr\/wp-json\/wp\/v2\/pages"}],"about":[{"href":"https:\/\/www.brazilecotour.com\/fr\/wp-json\/wp\/v2\/types\/page"}],"author":[{"embeddable":true,"href":"https:\/\/www.brazilecotour.com\/fr\/wp-json\/wp\/v2\/users\/2"}],"replies":[{"embeddable":true,"href":"https:\/\/www.brazilecotour.com\/fr\/wp-json\/wp\/v2\/comments?post=4364"}],"version-history":[{"count":3,"href":"https:\/\/www.brazilecotour.com\/fr\/wp-json\/wp\/v2\/pages\/4364\/revisions"}],"predecessor-version":[{"id":25437,"href":"https:\/\/www.brazilecotour.com\/fr\/wp-json\/wp\/v2\/pages\/4364\/revisions\/25437"}],"wp:featuredmedia":[{"embeddable":true,"href":"https:\/\/www.brazilecotour.com\/fr\/wp-json\/wp\/v2\/media\/4060"}],"wp:attachment":[{"href":"https:\/\/www.brazilecotour.com\/fr\/wp-json\/wp\/v2\/media?parent=4364"}],"curies":[{"name":"wp","href":"https:\/\/api.w.org\/{rel}","templated":true}]}}